 {"id":28,"date":"2021-12-19T21:41:12","date_gmt":"2021-12-19T21:41:12","guid":{"rendered":"http:\/\/www.64-sto.pl\/?page_id=28"},"modified":"2021-12-19T21:41:12","modified_gmt":"2021-12-19T21:41:12","slug":"zawody-cx-rydzyna","status":"publish","type":"page","link":"http:\/\/www.64-sto.pl\/?page_id=28","title":{"rendered":"ZAWODY CX RYDZYNA"},"content":{"rendered":"<p>Regulamin zawod\u00f3w<\/p>\n<p>Zapisy<\/p>\n<p>Wy\u015bcig dzieci<\/p>\n<p>Regulamin wy\u015bcigu dla dzieci<\/p>\n","protected":false},"excerpt":{"rendered":"<p>Regulamin zawod\u00f3w Zapisy Wy\u015bcig dzieci Regulamin wy\u015bcigu dla dzieci<\/p>\n","protected":false},"author":1,"featured_media":0,"parent":0,"menu_order":0,"comment_status":"closed","ping_status":"closed","template":"","meta":[],"_links":{"self":[{"href":"http:\/\/www.64-sto.pl\/index.php?rest_route=\/wp\/v2\/pages\/28"}],"collection":[{"href":"http:\/\/www.64-sto.pl\/index.php?rest_route=\/wp\/v2\/pages"}],"about":[{"href":"http:\/\/www.64-sto.pl\/index.php?rest_route=\/wp\/v2\/types\/page"}],"author":[{"embeddable":true,"href":"http:\/\/www.64-sto.pl\/index.php?rest_route=\/wp\/v2\/users\/1"}],"replies":[{"embeddable":true,"href":"http:\/\/www.64-sto.pl\/index.php?rest_route=%2Fwp%2Fv2%2Fcomments&post=28"}],"version-history":[{"count":1,"href":"http:\/\/www.64-sto.pl\/index.php?rest_route=\/wp\/v2\/pages\/28\/revisions"}],"predecessor-version":[{"id":29,"href":"http:\/\/www.64-sto.pl\/index.php?rest_route=\/wp\/v2\/pages\/28\/revisions\/29"}],"wp:attachment":[{"href":"http:\/\/www.64-sto.pl\/index.php?rest_route=%2Fwp%2Fv2%2Fmedia&parent=28"}],"curies":[{"name":"wp","href":"https:\/\/api.w.org\/{rel}","templated":true}]}}